{"id":894,"date":"2025-01-13T10:09:46","date_gmt":"2025-01-13T10:09:46","guid":{"rendered":"https:\/\/lux-libertum.hr\/?page_id=894"},"modified":"2025-01-13T10:11:27","modified_gmt":"2025-01-13T10:11:27","slug":"politika-privatnosti","status":"publish","type":"page","link":"https:\/\/lux-libertum.hr\/en\/politika-privatnosti\/","title":{"rendered":"Privacy policy"},"content":{"rendered":"<div data-elementor-type=\"wp-page\" data-elementor-id=\"894\" class=\"elementor elementor-894\">\n\t\t\t\t<div class=\"elementor-element elementor-element-c65b391 e-flex e-con-boxed e-con e-parent\" data-id=\"c65b391\" data-element_type=\"container\">\n\t\t\t\t\t<div class=\"e-con-inner\">\n\t\t\t\t<div class=\"elementor-element elementor-element-c2defa5 elementor-invisible elementor-widget elementor-widget-heading\" data-id=\"c2defa5\" data-element_type=\"widget\" data-settings=\"{&quot;_animation&quot;:&quot;fadeIn&quot;}\" data-widget_type=\"heading.default\">\n\t\t\t\t<div class=\"elementor-widget-container\">\n\t\t\t<style>\/*! elementor - v3.21.0 - 26-05-2024 *\/\n.elementor-heading-title{padding:0;margin:0;line-height:1}.elementor-widget-heading .elementor-heading-title[class*=elementor-size-]>a{color:inherit;font-size:inherit;line-height:inherit}.elementor-widget-heading .elementor-heading-title.elementor-size-small{font-size:15px}.elementor-widget-heading .elementor-heading-title.elementor-size-medium{font-size:19px}.elementor-widget-heading .elementor-heading-title.elementor-size-large{font-size:29px}.elementor-widget-heading .elementor-heading-title.elementor-size-xl{font-size:39px}.elementor-widget-heading .elementor-heading-title.elementor-size-xxl{font-size:59px}<\/style><h2 class=\"elementor-heading-title elementor-size-default\">Privacy policy<\/h2>\t\t<\/div>\n\t\t\t\t<\/div>\n\t\t\t\t<div class=\"elementor-element elementor-element-2db35a4 elementor-invisible elementor-widget elementor-widget-text-editor\" data-id=\"2db35a4\" data-element_type=\"widget\" data-settings=\"{&quot;_animation&quot;:&quot;fadeIn&quot;}\" data-widget_type=\"text-editor.default\">\n\t\t\t\t<div class=\"elementor-widget-container\">\n\t\t\t<style>\/*! elementor - v3.21.0 - 26-05-2024 *\/\n.elementor-widget-text-editor.elementor-drop-cap-view-stacked .elementor-drop-cap{background-color:#69727d;color:#fff}.elementor-widget-text-editor.elementor-drop-cap-view-framed .elementor-drop-cap{color:#69727d;border:3px solid;background-color:transparent}.elementor-widget-text-editor:not(.elementor-drop-cap-view-default) .elementor-drop-cap{margin-top:8px}.elementor-widget-text-editor:not(.elementor-drop-cap-view-default) .elementor-drop-cap-letter{width:1em;height:1em}.elementor-widget-text-editor .elementor-drop-cap{float:left;text-align:center;line-height:1;font-size:50px}.elementor-widget-text-editor .elementor-drop-cap-letter{display:inline-block}<\/style>\t\t\t\t<p><strong>Zadnje a\u017euriranje:<\/strong> 13. sije\u010dnja 2025.<br \/><strong>Datum stupanja na snagu:<\/strong> 13. sije\u010dnja 2025.<\/p><p>Ova Politika privatnosti opisuje pravila LUX LIBERTUM j.d.o.o., \u017dug\u010di\u0107eva 20, Zagreb, Zagreb 10000, Hrvatska, e-mail: <a rel=\"noopener\">petra.nuli@hotmail.com<\/a>, telefon: 0922614291 o prikupljanju, kori\u0161tenju i otkrivanju va\u0161ih podataka koje prikupljamo kada koristite na\u0161u web stranicu (<a href=\"https:\/\/lux-libertum.hr\/en\/\" target=\"_new\" rel=\"noopener\">https:\/\/lux-libertum.hr\/<\/a>) (dalje u tekstu: &#8220;Usluga&#8221;). Pristupom ili kori\u0161tenjem Usluge pristajete na prikupljanje, kori\u0161tenje i otkrivanje va\u0161ih podataka u skladu s ovom Politikom privatnosti. Ako ne pristajete na isto, molimo vas da ne pristupate niti koristite Uslugu.<\/p><p>Zadr\u017eavamo pravo izmjene ove Politike privatnosti u bilo kojem trenutku bez prethodne najave. A\u017euriranu verziju Politike privatnosti objavit \u0107emo na Usluzi. A\u017eurirana Politika stupit \u0107e na snagu 180 dana od objave, a va\u0161 daljnji pristup ili kori\u0161tenje Usluge nakon tog perioda smatrat \u0107e se prihva\u0107anjem a\u017eurirane Politike privatnosti. Stoga preporu\u010dujemo da povremeno pregledate ovu stranicu.<\/p><p><strong>Podaci koje prikupljamo:<\/strong><br \/>Prikupljat \u0107emo i obra\u0111ivati sljede\u0107e osobne podatke:<\/p><ul><li>Ime<\/li><li>E-mail adresa<\/li><li>Broj mobitela<\/li><\/ul><p><strong>Kako koristimo va\u0161e podatke:<\/strong><br \/>Podatke koje prikupimo koristit \u0107emo u sljede\u0107e svrhe:<\/p><ul><li>Kreiranje korisni\u010dkog ra\u010duna<\/li><li>Prikupljanje povratnih informacija korisnika<\/li><li>Podr\u0161ka korisnicima<\/li><li>Administrativne informacije<\/li><li>Upravljanje korisni\u010dkim narud\u017ebama<\/li><\/ul><p>Ako budemo \u017eeljeli koristiti va\u0161e podatke za bilo koju drugu svrhu, zatra\u017eit \u0107emo va\u0161 pristanak i koristit \u0107emo va\u0161e podatke isklju\u010divo za svrhe za koje ste dali privolu, osim ako zakonski ne budemo obvezni postupiti druga\u010dije.<\/p><p><strong>Zadr\u017eavanje va\u0161ih podataka:<\/strong><br \/>Va\u0161e osobne podatke \u010duvat \u0107emo od 90 dana do 2 godine nakon zatvaranja va\u0161eg korisni\u010dkog ra\u010duna ili onoliko dugo koliko bude potrebno za ispunjenje svrha za koje su podaci prikupljeni, kako je navedeno u ovoj Politici privatnosti. U odre\u0111enim slu\u010dajevima, mo\u017eemo zadr\u017eati odre\u0111ene podatke na dulji vremenski period, primjerice radi zakonskih obveza vo\u0111enja evidencije, provedbe zakonskih prava, sprje\u010davanja prijevara i sl. Anonimni i agregirani podaci, koji vas ne identificiraju (izravno ili neizravno), mogu se \u010duvati neograni\u010deno.<\/p><p><strong>Va\u0161a prava:<\/strong><br \/>Ovisno o va\u017ee\u0107im zakonima, mo\u017eda imate pravo na pristup, ispravak ili brisanje va\u0161ih osobnih podataka, pravo na dobivanje kopije va\u0161ih podataka, ograni\u010davanje ili prigovor na obradu va\u0161ih podataka, pravo da zatra\u017eite prijenos va\u0161ih podataka drugom subjektu, povla\u010denje privole za obradu podataka te pravo podno\u0161enja pritu\u017ebe nadle\u017enom tijelu za za\u0161titu podataka.<\/p><p>Za ostvarivanje ovih prava mo\u017eete nas kontaktirati na <a rel=\"noopener\">petra.nuli@hotmail.com<\/a>. Odgovorit \u0107emo na va\u0161 zahtjev u skladu s va\u017ee\u0107im zakonima.<\/p><p>Napominjemo da, ako nam ne dopustite prikupljanje ili obradu nu\u017enih osobnih podataka ili povu\u010dete privolu za njihovu obradu, mo\u017eda ne\u0107ete mo\u0107i koristiti odre\u0111ene usluge za koje su ti podaci potrebni.<\/p><p><strong>Kola\u010di\u0107i i sli\u010dne tehnologije:<\/strong><br \/>Za vi\u0161e informacija o kori\u0161tenju kola\u010di\u0107a i va\u0161im opcijama u vezi s njima, molimo pogledajte na\u0161u Politiku kola\u010di\u0107a.<\/p><p><strong>Sigurnost:<\/strong><br \/>Sigurnost va\u0161ih podataka nam je va\u017ena i koristit \u0107emo razumne sigurnosne mjere kako bismo sprije\u010dili gubitak, zlouporabu ili neovla\u0161tenu izmjenu va\u0161ih podataka pod na\u0161om kontrolom. Me\u0111utim, s obzirom na inherentne rizike, ne mo\u017eemo jam\u010diti apsolutnu sigurnost podataka niti jam\u010diti sigurnost podataka koje nam prenosite na vlastitu odgovornost.<\/p><p><strong>Slu\u017ebenik za za\u0161titu podataka:<\/strong><br \/>Ako imate bilo kakvih pitanja ili nedoumica u vezi s obradom va\u0161ih podataka, mo\u017eete kontaktirati na\u0161eg slu\u017ebenika za za\u0161titu podataka na:<\/p><p>LUX LIBERTUM j.d.o.o.,<br \/>\u017dug\u010di\u0107eva 20, Zagreb<br \/>E-mail: <a rel=\"noopener\">petra.nuli@hotmail.com<\/a><\/p><p>Rije\u0161it \u0107emo va\u0161e upite u skladu s primjenjivim zakonima.<\/p>\t\t\t\t\t\t<\/div>\n\t\t\t\t<\/div>\n\t\t\t\t\t<\/div>\n\t\t\t\t<\/div>\n\t\t\t\t<\/div>","protected":false},"excerpt":{"rendered":"<p>Politika privatnosti Zadnje a\u017euriranje: 13. sije\u010dnja 2025.Datum stupanja na snagu: 13. sije\u010dnja 2025. Ova Politika privatnosti opisuje pravila LUX LIBERTUM j.d.o.o., \u017dug\u010di\u0107eva 20, Zagreb, Zagreb 10000, Hrvatska, e-mail: petra.nuli@hotmail.com, telefon: 0922614291 o prikupljanju, kori\u0161tenju i otkrivanju va\u0161ih podataka koje prikupljamo kada koristite na\u0161u web stranicu (https:\/\/lux-libertum.hr\/) (dalje u tekstu: &#8220;Usluga&#8221;). Pristupom ili kori\u0161tenjem Usluge pristajete [&hellip;]<\/p>","protected":false},"author":1,"featured_media":0,"parent":0,"menu_order":0,"comment_status":"closed","ping_status":"closed","template":"","meta":{"om_disable_all_campaigns":false,"_monsterinsights_skip_tracking":false,"_monsterinsights_sitenote_active":false,"_monsterinsights_sitenote_note":"","_monsterinsights_sitenote_category":0,"footnotes":""},"class_list":["post-894","page","type-page","status-publish","hentry"],"aioseo_notices":[],"_links":{"self":[{"href":"https:\/\/lux-libertum.hr\/en\/wp-json\/wp\/v2\/pages\/894","targetHints":{"allow":["GET"]}}],"collection":[{"href":"https:\/\/lux-libertum.hr\/en\/wp-json\/wp\/v2\/pages"}],"about":[{"href":"https:\/\/lux-libertum.hr\/en\/wp-json\/wp\/v2\/types\/page"}],"author":[{"embeddable":true,"href":"https:\/\/lux-libertum.hr\/en\/wp-json\/wp\/v2\/users\/1"}],"replies":[{"embeddable":true,"href":"https:\/\/lux-libertum.hr\/en\/wp-json\/wp\/v2\/comments?post=894"}],"version-history":[{"count":7,"href":"https:\/\/lux-libertum.hr\/en\/wp-json\/wp\/v2\/pages\/894\/revisions"}],"predecessor-version":[{"id":901,"href":"https:\/\/lux-libertum.hr\/en\/wp-json\/wp\/v2\/pages\/894\/revisions\/901"}],"wp:attachment":[{"href":"https:\/\/lux-libertum.hr\/en\/wp-json\/wp\/v2\/media?parent=894"}],"curies":[{"name":"wp","href":"https:\/\/api.w.org\/{rel}","templated":true}]}}